{"id":1149,"date":"2020-10-01T23:41:53","date_gmt":"2020-10-01T21:41:53","guid":{"rendered":"https:\/\/isabeljuarez.developallin.com\/?page_id=1149"},"modified":"2021-04-13T18:51:16","modified_gmt":"2021-04-13T16:51:16","slug":"turisme-esportiu","status":"publish","type":"page","link":"https:\/\/staging.ijuarez.com\/ca\/turisme-esportiu\/","title":{"rendered":"Turisme Esportiu"},"content":{"rendered":"\t\t<div data-elementor-type=\"wp-post\" data-elementor-id=\"1149\" class=\"elementor elementor-1149 elementor-254\">\n\t\t\t\t\t\t<section class=\"elementor-section elementor-top-section elementor-element elementor-element-7345c245 elementor-section-boxed elementor-section-height-default elementor-section-height-default\" data-id=\"7345c245\" data-element_type=\"section\" data-e-type=\"section\" data-settings=\"{&quot;jet_parallax_layout_list&quot;:[{&quot;_id&quot;:&quot;b1b7848&quot;,&quot;jet_parallax_layout_image&quot;:{&quot;url&quot;:&quot;&quot;,&quot;id&quot;:&quot;&quot;,&quot;size&quot;:&quot;&quot;},&quot;jet_parallax_layout_image_tablet&quot;:{&quot;url&quot;:&quot;&quot;,&quot;id&quot;:&quot;&quot;,&quot;size&quot;:&quot;&quot;},&quot;jet_parallax_layout_image_mobile&quot;:{&quot;url&quot;:&quot;&quot;,&quot;id&quot;:&quot;&quot;,&quot;size&quot;:&quot;&quot;},&quot;jet_parallax_layout_speed&quot;:{&quot;unit&quot;:&quot;%&quot;,&quot;size&quot;:50,&quot;sizes&quot;:[]},&quot;jet_parallax_layout_type&quot;:&quot;scroll&quot;,&quot;jet_parallax_layout_direction&quot;:&quot;1&quot;,&quot;jet_parallax_layout_fx_direction&quot;:null,&quot;jet_parallax_layout_z_index&quot;:&quot;&quot;,&quot;jet_parallax_layout_bg_x&quot;:50,&quot;jet_parallax_layout_bg_x_tablet&quot;:&quot;&quot;,&quot;jet_parallax_layout_bg_x_mobile&quot;:&quot;&quot;,&quot;jet_parallax_layout_bg_y&quot;:50,&quot;jet_parallax_layout_bg_y_tablet&quot;:&quot;&quot;,&quot;jet_parallax_layout_bg_y_mobile&quot;:&quot;&quot;,&quot;jet_parallax_layout_bg_size&quot;:&quot;auto&quot;,&quot;jet_parallax_layout_bg_size_tablet&quot;:&quot;&quot;,&quot;jet_parallax_layout_bg_size_mobile&quot;:&quot;&quot;,&quot;jet_parallax_layout_animation_prop&quot;:&quot;transform&quot;,&quot;jet_parallax_layout_on&quot;:[&quot;desktop&quot;,&quot;tablet&quot;]}],&quot;background_background&quot;:&quot;classic&quot;}\">\n\t\t\t\t\t\t\t<div class=\"elementor-background-overlay\"><\/div>\n\t\t\t\t\t\t\t<div class=\"elementor-container elementor-column-gap-default\">\n\t\t\t\t\t<div class=\"elementor-column elementor-col-100 elementor-top-column elementor-element elementor-element-1e1e8aa7\" data-id=\"1e1e8aa7\" data-element_type=\"column\" data-e-type=\"column\">\n\t\t\t<div class=\"elementor-widget-wrap\">\n\t\t\t\t\t\t\t<\/div>\n\t\t<\/div>\n\t\t\t\t\t<\/div>\n\t\t<\/section>\n\t\t\t\t<section class=\"elementor-section elementor-top-section elementor-element elementor-element-4c349f65 elementor-section-boxed elementor-section-height-default elementor-section-height-default\" data-id=\"4c349f65\" data-element_type=\"section\" data-e-type=\"section\" data-settings=\"{&quot;jet_parallax_layout_list&quot;:[{&quot;_id&quot;:&quot;225207e&quot;,&quot;jet_parallax_layout_speed&quot;:{&quot;unit&quot;:&quot;%&quot;,&quot;size&quot;:&quot;50&quot;,&quot;sizes&quot;:[]},&quot;jet_parallax_layout_bg_x&quot;:&quot;50&quot;,&quot;jet_parallax_layout_bg_y&quot;:&quot;50&quot;,&quot;jet_parallax_layout_image&quot;:{&quot;url&quot;:&quot;&quot;,&quot;id&quot;:&quot;&quot;,&quot;size&quot;:&quot;&quot;},&quot;jet_parallax_layout_image_tablet&quot;:{&quot;url&quot;:&quot;&quot;,&quot;id&quot;:&quot;&quot;,&quot;size&quot;:&quot;&quot;},&quot;jet_parallax_layout_image_mobile&quot;:{&quot;url&quot;:&quot;&quot;,&quot;id&quot;:&quot;&quot;,&quot;size&quot;:&quot;&quot;},&quot;jet_parallax_layout_type&quot;:&quot;scroll&quot;,&quot;jet_parallax_layout_direction&quot;:&quot;1&quot;,&quot;jet_parallax_layout_fx_direction&quot;:null,&quot;jet_parallax_layout_z_index&quot;:&quot;&quot;,&quot;jet_parallax_layout_bg_x_tablet&quot;:&quot;&quot;,&quot;jet_parallax_layout_bg_x_mobile&quot;:&quot;&quot;,&quot;jet_parallax_layout_bg_y_tablet&quot;:&quot;&quot;,&quot;jet_parallax_layout_bg_y_mobile&quot;:&quot;&quot;,&quot;jet_parallax_layout_bg_size&quot;:&quot;auto&quot;,&quot;jet_parallax_layout_bg_size_tablet&quot;:&quot;&quot;,&quot;jet_parallax_layout_bg_size_mobile&quot;:&quot;&quot;,&quot;jet_parallax_layout_animation_prop&quot;:&quot;transform&quot;,&quot;jet_parallax_layout_on&quot;:[&quot;desktop&quot;,&quot;tablet&quot;]}]}\">\n\t\t\t\t\t\t<div class=\"elementor-container elementor-column-gap-default\">\n\t\t\t\t\t<div class=\"elementor-column elementor-col-100 elementor-top-column elementor-element elementor-element-5fc01909\" data-id=\"5fc01909\" data-element_type=\"column\" data-e-type=\"column\">\n\t\t\t<div class=\"elementor-widget-wrap elementor-element-populated\">\n\t\t\t\t\t\t<div class=\"elementor-element elementor-element-3bb36274 elementor-invisible elementor-widget elementor-widget-heading\" data-id=\"3bb36274\" data-element_type=\"widget\" data-e-type=\"widget\" data-settings=\"{&quot;_animation&quot;:&quot;fadeIn&quot;}\" data-widget_type=\"heading.default\">\n\t\t\t\t<div class=\"elementor-widget-container\">\n\t\t\t\t\t<h2 class=\"elementor-heading-title elementor-size-default\">TURISME ESPORTIU<\/h2>\t\t\t\t<\/div>\n\t\t\t\t<\/div>\n\t\t\t\t<div class=\"elementor-element elementor-element-647dd978 elementor-invisible elementor-widget elementor-widget-text-editor\" data-id=\"647dd978\" data-element_type=\"widget\" data-e-type=\"widget\" data-settings=\"{&quot;_animation&quot;:&quot;fadeIn&quot;}\" data-widget_type=\"text-editor.default\">\n\t\t\t\t<div class=\"elementor-widget-container\">\n\t\t\t\t\t\t\t\t\t<p>La nostra traject\u00f2ria i experi\u00e8ncia treballant en l\u2019organitzaci\u00f3 i promoci\u00f3 d\u2019Esdeveniments Esportius Internacionals com el F1 Gran Premio de Espa\u00f1a i el Gran Premi de Catalunya MotoGP, ens ha perm\u00e8s el seg\u00fcent:<\/p>\n<p>Aconseguir grans experi\u00e8ncies d&#8217;esdeveniments esportius i atraure assistents de tot al m\u00f3n, tant de p\u00fablic final com empresarial\u00a0a aquests.<\/p>\n<p>Estarem encantats de poder-vos ajudar en la promoci\u00f3, comercialitzaci\u00f3 i\u00a0posada\u00a0en marxa del vostre esdeveniment esportiu.<\/p>\n\t\t\t\t\t\t\t\t<\/div>\n\t\t\t\t<\/div>\n\t\t\t\t\t<\/div>\n\t\t<\/div>\n\t\t\t\t\t<\/div>\n\t\t<\/section>\n\t\t\t\t<section class=\"elementor-section elementor-top-section elementor-element elementor-element-55e0f504 elementor-section-full_width elementor-section-height-default elementor-section-height-default\" data-id=\"55e0f504\" data-element_type=\"section\" data-e-type=\"section\" data-settings=\"{&quot;jet_parallax_layout_list&quot;:[{&quot;_id&quot;:&quot;0c981a0&quot;,&quot;jet_parallax_layout_speed&quot;:{&quot;unit&quot;:&quot;%&quot;,&quot;size&quot;:&quot;50&quot;,&quot;sizes&quot;:[]},&quot;jet_parallax_layout_bg_x&quot;:&quot;50&quot;,&quot;jet_parallax_layout_bg_y&quot;:&quot;50&quot;,&quot;jet_parallax_layout_image&quot;:{&quot;url&quot;:&quot;&quot;,&quot;id&quot;:&quot;&quot;,&quot;size&quot;:&quot;&quot;},&quot;jet_parallax_layout_image_tablet&quot;:{&quot;url&quot;:&quot;&quot;,&quot;id&quot;:&quot;&quot;,&quot;size&quot;:&quot;&quot;},&quot;jet_parallax_layout_image_mobile&quot;:{&quot;url&quot;:&quot;&quot;,&quot;id&quot;:&quot;&quot;,&quot;size&quot;:&quot;&quot;},&quot;jet_parallax_layout_type&quot;:&quot;scroll&quot;,&quot;jet_parallax_layout_direction&quot;:&quot;1&quot;,&quot;jet_parallax_layout_fx_direction&quot;:null,&quot;jet_parallax_layout_z_index&quot;:&quot;&quot;,&quot;jet_parallax_layout_bg_x_tablet&quot;:&quot;&quot;,&quot;jet_parallax_layout_bg_x_mobile&quot;:&quot;&quot;,&quot;jet_parallax_layout_bg_y_tablet&quot;:&quot;&quot;,&quot;jet_parallax_layout_bg_y_mobile&quot;:&quot;&quot;,&quot;jet_parallax_layout_bg_size&quot;:&quot;auto&quot;,&quot;jet_parallax_layout_bg_size_tablet&quot;:&quot;&quot;,&quot;jet_parallax_layout_bg_size_mobile&quot;:&quot;&quot;,&quot;jet_parallax_layout_animation_prop&quot;:&quot;transform&quot;,&quot;jet_parallax_layout_on&quot;:[&quot;desktop&quot;,&quot;tablet&quot;]}]}\">\n\t\t\t\t\t\t<div class=\"elementor-container elementor-column-gap-no\">\n\t\t\t\t\t<div class=\"elementor-column elementor-col-100 elementor-top-column elementor-element elementor-element-7a000ca9\" data-id=\"7a000ca9\" data-element_type=\"column\" data-e-type=\"column\">\n\t\t\t<div class=\"elementor-widget-wrap elementor-element-populated\">\n\t\t\t\t\t\t<div class=\"elementor-element elementor-element-60798189 elementor-widget elementor-widget-jet-carousel\" data-id=\"60798189\" data-element_type=\"widget\" data-e-type=\"widget\" data-settings=\"{&quot;slides_to_show_tablet&quot;:&quot;1&quot;,&quot;slides_to_show&quot;:&quot;2&quot;,&quot;slides_to_scroll&quot;:&quot;1&quot;}\" data-widget_type=\"jet-carousel.default\">\n\t\t\t\t<div class=\"elementor-widget-container\">\n\t\t\t\t\t<div class=\"elementor-jet-carousel jet-elements\"><div class=\"jet-carousel-wrap jet-equal-cols\">\n\t<div class=\"jet-carousel\" data-slider_options=\"{&quot;autoplaySpeed&quot;:5000,&quot;autoplay&quot;:true,&quot;infinite&quot;:true,&quot;centerMode&quot;:false,&quot;centerPadding&quot;:&quot;50px&quot;,&quot;pauseOnHover&quot;:true,&quot;speed&quot;:500,&quot;arrows&quot;:false,&quot;dots&quot;:true,&quot;variableWidth&quot;:false,&quot;prevArrow&quot;:&quot;.jet-carousel__prev-arrow-60798189&quot;,&quot;nextArrow&quot;:&quot;.jet-carousel__next-arrow-60798189&quot;,&quot;rtl&quot;:false,&quot;fractionNav&quot;:false}\" dir=\"ltr\">\n\t<div class=\"elementor-slick-slider\">\n<div class=\"jet-carousel__item\">\n\t<div class=\"jet-carousel__item-inner\">\n\t<figure class=\"jet-banner jet-effect-lily\"><div class=\"jet-banner__overlay\"><\/div><img decoding=\"async\" src=\"https:\/\/staging.ijuarez.com\/wp-content\/uploads\/2021\/03\/Gran-Premi-de-Catalunya-MotoGP-2020.jpg\" class=\"jet-banner__img\" alt=\"Gran Premi Monster Energy de Catalunya\" loading=\"lazy\"><figcaption class=\"jet-banner__content\"><div class=\"jet-banner__content-wrap\"><\/div><\/figcaption><\/figure>\n\t<\/div>\n<\/div><div class=\"jet-carousel__item\">\n\t<div class=\"jet-carousel__item-inner\">\n\t<figure class=\"jet-banner jet-effect-lily\"><div class=\"jet-banner__overlay\"><\/div><img decoding=\"async\" src=\"https:\/\/staging.ijuarez.com\/wp-content\/uploads\/2021\/03\/Gran-Premi-Catalunya-MotoGP-2020.jpg\" class=\"jet-banner__img\" alt=\"Gran Premi Monster Energy de Catalunya\" loading=\"lazy\"><figcaption class=\"jet-banner__content\"><div class=\"jet-banner__content-wrap\"><\/div><\/figcaption><\/figure>\n\t<\/div>\n<\/div><div class=\"jet-carousel__item\">\n\t<div class=\"jet-carousel__item-inner\">\n\t<figure class=\"jet-banner jet-effect-lily\"><div class=\"jet-banner__overlay\"><\/div><img decoding=\"async\" src=\"https:\/\/staging.ijuarez.com\/wp-content\/uploads\/2021\/03\/F1-Gran-Premio-Espan\u0303a-2019.jpg\" class=\"jet-banner__img\" alt=\"FORMULA 1 EMIRATES GRAN PREMIO DE ESPA\u00d1A 2019\" loading=\"lazy\"><figcaption class=\"jet-banner__content\"><div class=\"jet-banner__content-wrap\"><\/div><\/figcaption><\/figure>\n\t<\/div>\n<\/div><div class=\"jet-carousel__item\">\n\t<div class=\"jet-carousel__item-inner\">\n\t<figure class=\"jet-banner jet-effect-lily\"><div class=\"jet-banner__overlay\"><\/div><img decoding=\"async\" src=\"https:\/\/staging.ijuarez.com\/wp-content\/uploads\/2021\/03\/F1-Gran-Premio-de-Espan\u0303a-2020.jpg\" class=\"jet-banner__img\" alt=\"Formula 1 Aramco Gran Premio de Espa\u00f1a 2020\" loading=\"lazy\"><figcaption class=\"jet-banner__content\"><div class=\"jet-banner__content-wrap\"><\/div><\/figcaption><\/figure>\n\t<\/div>\n<\/div><div class=\"jet-carousel__item\">\n\t<div class=\"jet-carousel__item-inner\">\n\t<figure class=\"jet-banner jet-effect-lily\"><div class=\"jet-banner__overlay\"><\/div><img decoding=\"async\" src=\"https:\/\/staging.ijuarez.com\/wp-content\/uploads\/2021\/03\/F-1-Gran-Premio-Espan\u0303a-2020.jpg\" class=\"jet-banner__img\" alt=\"Formula 1 Aramco Gran Premio de Espa\u00f1a 2020\" loading=\"lazy\"><figcaption class=\"jet-banner__content\"><div class=\"jet-banner__content-wrap\"><\/div><\/figcaption><\/figure>\n\t<\/div>\n<\/div><\/div><\/div>\n<\/div>\n<\/div>\t\t\t\t<\/div>\n\t\t\t\t<\/div>\n\t\t\t\t\t<\/div>\n\t\t<\/div>\n\t\t\t\t\t<\/div>\n\t\t<\/section>\n\t\t\t\t<\/div>\n\t\t","protected":false},"excerpt":{"rendered":"<p>TURISME ESPORTIU La nostra traject\u00f2ria i experi\u00e8ncia treballant en l\u2019organitzaci\u00f3 i promoci\u00f3 d\u2019Esdeveniments Esportius Internacionals com el F1 Gran Premio de Espa\u00f1a i el Gran Premi de Catalunya MotoGP, ens ha perm\u00e8s el seg\u00fcent: Aconseguir grans experi\u00e8ncies d&#8217;esdeveniments esportius i atraure assistents de tot al m\u00f3n, tant de p\u00fablic final com empresarial\u00a0a aquests. Estarem encantats [&hellip;]<\/p>\n","protected":false},"author":1,"featured_media":0,"parent":0,"menu_order":0,"comment_status":"closed","ping_status":"closed","template":"full-width.php","meta":{"_acf_changed":false,"footnotes":""},"class_list":["post-1149","page","type-page","status-publish","hentry"],"acf":[],"yoast_head":"<!-- This site is optimized with the Yoast SEO plugin v27.4 - https:\/\/yoast.com\/product\/yoast-seo-wordpress\/ -->\n<title>Turisme Esportiu | Isabel Ju\u00e1rez<\/title>\n<meta name=\"description\" content=\"Organitzaci\u00f3 de turisme esportiu. Promoci\u00f3, comercialitzaci\u00f3 i desenvolupament d&#039;activitats i esdeveniments esportius d&#039;\u00e8xit. Contacta ara sense comprom\u00eds.\" \/>\n<meta name=\"robots\" content=\"noindex, follow, max-snippet:-1, max-image-preview:large, max-video-preview:-1\" \/>\n<meta property=\"og:locale\" content=\"ca_ES\" \/>\n<meta property=\"og:type\" content=\"article\" \/>\n<meta property=\"og:title\" content=\"Turisme Esportiu | Isabel Ju\u00e1rez\" \/>\n<meta property=\"og:description\" content=\"Organitzaci\u00f3 de turisme esportiu. Promoci\u00f3, comercialitzaci\u00f3 i desenvolupament d&#039;activitats i esdeveniments esportius d&#039;\u00e8xit. Contacta ara sense comprom\u00eds.\" \/>\n<meta property=\"og:url\" content=\"https:\/\/staging.ijuarez.com\/turismo-deportivo\/\" \/>\n<meta property=\"og:site_name\" content=\"Isabel Ju\u00e1rez\" \/>\n<meta property=\"article:modified_time\" content=\"2021-04-13T16:51:16+00:00\" \/>\n<meta property=\"og:image\" content=\"https:\/\/staging.ijuarez.com\/wp-content\/uploads\/2021\/03\/Gran-Premi-de-Catalunya-MotoGP-2020.jpg\" \/>\n<meta name=\"twitter:card\" content=\"summary_large_image\" \/>\n<meta name=\"twitter:label1\" content=\"Temps estimat de lectura\" \/>\n\t<meta name=\"twitter:data1\" content=\"2 minuts\" \/>\n<script type=\"application\/ld+json\" class=\"yoast-schema-graph\">{\"@context\":\"https:\\\/\\\/schema.org\",\"@graph\":[{\"@type\":\"WebPage\",\"@id\":\"https:\\\/\\\/staging.ijuarez.com\\\/turismo-deportivo\\\/\",\"url\":\"https:\\\/\\\/staging.ijuarez.com\\\/turismo-deportivo\\\/\",\"name\":\"Turisme Esportiu | Isabel Ju\u00e1rez\",\"isPartOf\":{\"@id\":\"https:\\\/\\\/staging.ijuarez.com\\\/#website\"},\"primaryImageOfPage\":{\"@id\":\"https:\\\/\\\/staging.ijuarez.com\\\/turismo-deportivo\\\/#primaryimage\"},\"image\":{\"@id\":\"https:\\\/\\\/staging.ijuarez.com\\\/turismo-deportivo\\\/#primaryimage\"},\"thumbnailUrl\":\"https:\\\/\\\/staging.ijuarez.com\\\/wp-content\\\/uploads\\\/2021\\\/03\\\/Gran-Premi-de-Catalunya-MotoGP-2020.jpg\",\"datePublished\":\"2020-10-01T21:41:53+00:00\",\"dateModified\":\"2021-04-13T16:51:16+00:00\",\"description\":\"Organitzaci\u00f3 de turisme esportiu. Promoci\u00f3, comercialitzaci\u00f3 i desenvolupament d'activitats i esdeveniments esportius d'\u00e8xit. Contacta ara sense comprom\u00eds.\",\"breadcrumb\":{\"@id\":\"https:\\\/\\\/staging.ijuarez.com\\\/turismo-deportivo\\\/#breadcrumb\"},\"inLanguage\":\"ca\",\"potentialAction\":[{\"@type\":\"ReadAction\",\"target\":[\"https:\\\/\\\/staging.ijuarez.com\\\/turismo-deportivo\\\/\"]}]},{\"@type\":\"ImageObject\",\"inLanguage\":\"ca\",\"@id\":\"https:\\\/\\\/staging.ijuarez.com\\\/turismo-deportivo\\\/#primaryimage\",\"url\":\"https:\\\/\\\/staging.ijuarez.com\\\/wp-content\\\/uploads\\\/2021\\\/03\\\/Gran-Premi-de-Catalunya-MotoGP-2020.jpg\",\"contentUrl\":\"https:\\\/\\\/staging.ijuarez.com\\\/wp-content\\\/uploads\\\/2021\\\/03\\\/Gran-Premi-de-Catalunya-MotoGP-2020.jpg\"},{\"@type\":\"BreadcrumbList\",\"@id\":\"https:\\\/\\\/staging.ijuarez.com\\\/turismo-deportivo\\\/#breadcrumb\",\"itemListElement\":[{\"@type\":\"ListItem\",\"position\":1,\"name\":\"Portada\",\"item\":\"https:\\\/\\\/staging.ijuarez.com\\\/ca\\\/\"},{\"@type\":\"ListItem\",\"position\":2,\"name\":\"Turisme Esportiu\"}]},{\"@type\":\"WebSite\",\"@id\":\"https:\\\/\\\/staging.ijuarez.com\\\/#website\",\"url\":\"https:\\\/\\\/staging.ijuarez.com\\\/\",\"name\":\"Isabel Ju\u00e1rez\",\"description\":\"Consultor\u00eda Tur\u00edstica\",\"potentialAction\":[{\"@type\":\"SearchAction\",\"target\":{\"@type\":\"EntryPoint\",\"urlTemplate\":\"https:\\\/\\\/staging.ijuarez.com\\\/?s={search_term_string}\"},\"query-input\":{\"@type\":\"PropertyValueSpecification\",\"valueRequired\":true,\"valueName\":\"search_term_string\"}}],\"inLanguage\":\"ca\"}]}<\/script>\n<!-- \/ Yoast SEO plugin. -->","yoast_head_json":{"title":"Turisme Esportiu | Isabel Ju\u00e1rez","description":"Organitzaci\u00f3 de turisme esportiu. Promoci\u00f3, comercialitzaci\u00f3 i desenvolupament d'activitats i esdeveniments esportius d'\u00e8xit. Contacta ara sense comprom\u00eds.","robots":{"index":"noindex","follow":"follow","max-snippet":"max-snippet:-1","max-image-preview":"max-image-preview:large","max-video-preview":"max-video-preview:-1"},"og_locale":"ca_ES","og_type":"article","og_title":"Turisme Esportiu | Isabel Ju\u00e1rez","og_description":"Organitzaci\u00f3 de turisme esportiu. Promoci\u00f3, comercialitzaci\u00f3 i desenvolupament d'activitats i esdeveniments esportius d'\u00e8xit. Contacta ara sense comprom\u00eds.","og_url":"https:\/\/staging.ijuarez.com\/turismo-deportivo\/","og_site_name":"Isabel Ju\u00e1rez","article_modified_time":"2021-04-13T16:51:16+00:00","og_image":[{"url":"https:\/\/staging.ijuarez.com\/wp-content\/uploads\/2021\/03\/Gran-Premi-de-Catalunya-MotoGP-2020.jpg","type":"","width":"","height":""}],"twitter_card":"summary_large_image","twitter_misc":{"Temps estimat de lectura":"2 minuts"},"schema":{"@context":"https:\/\/schema.org","@graph":[{"@type":"WebPage","@id":"https:\/\/staging.ijuarez.com\/turismo-deportivo\/","url":"https:\/\/staging.ijuarez.com\/turismo-deportivo\/","name":"Turisme Esportiu | Isabel Ju\u00e1rez","isPartOf":{"@id":"https:\/\/staging.ijuarez.com\/#website"},"primaryImageOfPage":{"@id":"https:\/\/staging.ijuarez.com\/turismo-deportivo\/#primaryimage"},"image":{"@id":"https:\/\/staging.ijuarez.com\/turismo-deportivo\/#primaryimage"},"thumbnailUrl":"https:\/\/staging.ijuarez.com\/wp-content\/uploads\/2021\/03\/Gran-Premi-de-Catalunya-MotoGP-2020.jpg","datePublished":"2020-10-01T21:41:53+00:00","dateModified":"2021-04-13T16:51:16+00:00","description":"Organitzaci\u00f3 de turisme esportiu. Promoci\u00f3, comercialitzaci\u00f3 i desenvolupament d'activitats i esdeveniments esportius d'\u00e8xit. Contacta ara sense comprom\u00eds.","breadcrumb":{"@id":"https:\/\/staging.ijuarez.com\/turismo-deportivo\/#breadcrumb"},"inLanguage":"ca","potentialAction":[{"@type":"ReadAction","target":["https:\/\/staging.ijuarez.com\/turismo-deportivo\/"]}]},{"@type":"ImageObject","inLanguage":"ca","@id":"https:\/\/staging.ijuarez.com\/turismo-deportivo\/#primaryimage","url":"https:\/\/staging.ijuarez.com\/wp-content\/uploads\/2021\/03\/Gran-Premi-de-Catalunya-MotoGP-2020.jpg","contentUrl":"https:\/\/staging.ijuarez.com\/wp-content\/uploads\/2021\/03\/Gran-Premi-de-Catalunya-MotoGP-2020.jpg"},{"@type":"BreadcrumbList","@id":"https:\/\/staging.ijuarez.com\/turismo-deportivo\/#breadcrumb","itemListElement":[{"@type":"ListItem","position":1,"name":"Portada","item":"https:\/\/staging.ijuarez.com\/ca\/"},{"@type":"ListItem","position":2,"name":"Turisme Esportiu"}]},{"@type":"WebSite","@id":"https:\/\/staging.ijuarez.com\/#website","url":"https:\/\/staging.ijuarez.com\/","name":"Isabel Ju\u00e1rez","description":"Consultor\u00eda Tur\u00edstica","potentialAction":[{"@type":"SearchAction","target":{"@type":"EntryPoint","urlTemplate":"https:\/\/staging.ijuarez.com\/?s={search_term_string}"},"query-input":{"@type":"PropertyValueSpecification","valueRequired":true,"valueName":"search_term_string"}}],"inLanguage":"ca"}]}},"_links":{"self":[{"href":"https:\/\/staging.ijuarez.com\/ca\/wp-json\/wp\/v2\/pages\/1149","targetHints":{"allow":["GET"]}}],"collection":[{"href":"https:\/\/staging.ijuarez.com\/ca\/wp-json\/wp\/v2\/pages"}],"about":[{"href":"https:\/\/staging.ijuarez.com\/ca\/wp-json\/wp\/v2\/types\/page"}],"author":[{"embeddable":true,"href":"https:\/\/staging.ijuarez.com\/ca\/wp-json\/wp\/v2\/users\/1"}],"replies":[{"embeddable":true,"href":"https:\/\/staging.ijuarez.com\/ca\/wp-json\/wp\/v2\/comments?post=1149"}],"version-history":[{"count":4,"href":"https:\/\/staging.ijuarez.com\/ca\/wp-json\/wp\/v2\/pages\/1149\/revisions"}],"predecessor-version":[{"id":2020,"href":"https:\/\/staging.ijuarez.com\/ca\/wp-json\/wp\/v2\/pages\/1149\/revisions\/2020"}],"wp:attachment":[{"href":"https:\/\/staging.ijuarez.com\/ca\/wp-json\/wp\/v2\/media?parent=1149"}],"curies":[{"name":"wp","href":"https:\/\/api.w.org\/{rel}","templated":true}]}}